{"id":2911,"date":"2025-04-02T13:35:16","date_gmt":"2025-04-02T11:35:16","guid":{"rendered":"https:\/\/arbianahotel.com\/restaurant-agatini-vrtovi\/"},"modified":"2025-07-20T00:04:53","modified_gmt":"2025-07-19T22:04:53","slug":"restaurant-agatini-vrtovi","status":"publish","type":"page","link":"https:\/\/arbianahotel.com\/de\/restaurant-agatini-vrtovi\/","title":{"rendered":"Restaurant Agatini vrtovi"},"content":{"rendered":"\t\t<div data-elementor-type=\"wp-page\" data-elementor-id=\"2911\" class=\"elementor elementor-2911 elementor-18\" data-elementor-post-type=\"page\">\n\t\t\t\t<div class=\"elementor-element elementor-element-f5d0e70 e-con-full e-flex e-con e-parent\" data-id=\"f5d0e70\" data-element_type=\"container\" data-e-type=\"container\" data-settings=\"{&quot;background_background&quot;:&quot;classic&quot;,&quot;background_motion_fx_motion_fx_scrolling&quot;:&quot;yes&quot;,&quot;background_motion_fx_scale_effect&quot;:&quot;yes&quot;,&quot;background_motion_fx_scale_speed&quot;:{&quot;unit&quot;:&quot;px&quot;,&quot;size&quot;:2,&quot;sizes&quot;:[]},&quot;background_motion_fx_scale_direction&quot;:&quot;out-in&quot;,&quot;background_motion_fx_scale_range&quot;:{&quot;unit&quot;:&quot;%&quot;,&quot;size&quot;:&quot;&quot;,&quot;sizes&quot;:{&quot;start&quot;:20,&quot;end&quot;:80}},&quot;background_motion_fx_devices&quot;:[&quot;desktop&quot;,&quot;tablet&quot;,&quot;mobile&quot;]}\">\n\t\t\t\t<div class=\"elementor-element elementor-element-a4c1600 elementor-widget elementor-widget-heading\" data-id=\"a4c1600\" data-element_type=\"widget\" data-e-type=\"widget\" data-widget_type=\"heading.default\">\n\t\t\t\t<div class=\"elementor-widget-container\">\n\t\t\t\t\t<h1 class=\"elementor-heading-title elementor-size-default\">Restaurant Agatini vrtovi<\/h1>\t\t\t\t<\/div>\n\t\t\t\t<\/div>\n\t\t\t\t<div class=\"elementor-element elementor-element-42ec902 elementor-widget elementor-widget-heading\" data-id=\"42ec902\" data-element_type=\"widget\" data-e-type=\"widget\" data-widget_type=\"heading.default\">\n\t\t\t\t<div class=\"elementor-widget-container\">\n\t\t\t\t\t<h2 class=\"elementor-heading-title elementor-size-default\">Eine kulinarische Oase im Hotel Arbiana<\/h2>\t\t\t\t<\/div>\n\t\t\t\t<\/div>\n\t\t\t\t<\/div>\n\t\t<div class=\"elementor-element elementor-element-1e876b9 e-flex e-con-boxed e-con e-parent\" data-id=\"1e876b9\" data-element_type=\"container\" data-e-type=\"container\">\n\t\t\t\t\t<div class=\"e-con-inner\">\n\t\t\t\t<div class=\"elementor-element elementor-element-68f4e99 elementor-widget elementor-widget-heading\" data-id=\"68f4e99\" data-element_type=\"widget\" data-e-type=\"widget\" data-widget_type=\"heading.default\">\n\t\t\t\t<div class=\"elementor-widget-container\">\n\t\t\t\t\t<h2 class=\"elementor-heading-title elementor-size-default\">Dieses versteckte Juwel ist ein Ort, an dem Tradition auf moderne kulinarische Trends trifft und an dem lokale Zutaten in vielf\u00e4ltigen Kombinationen nach exotischer Art zubereitet werden.<\/h2>\t\t\t\t<\/div>\n\t\t\t\t<\/div>\n\t\t\t\t\t<\/div>\n\t\t\t\t<\/div>\n\t\t<div class=\"elementor-element elementor-element-2570fb6 e-con-full e-flex e-con e-parent\" data-id=\"2570fb6\" data-element_type=\"container\" data-e-type=\"container\" data-settings=\"{&quot;background_background&quot;:&quot;classic&quot;}\">\n\t\t<div class=\"elementor-element elementor-element-8400f41 e-con-full e-flex e-con e-child\" data-id=\"8400f41\" data-element_type=\"container\" data-e-type=\"container\" data-settings=\"{&quot;background_background&quot;:&quot;classic&quot;}\">\n\t\t\t\t<div class=\"elementor-element elementor-element-ce5a34d elementor-hidden-desktop elementor-hidden-tablet elementor-widget elementor-widget-image\" data-id=\"ce5a34d\" data-element_type=\"widget\" data-e-type=\"widget\" data-widget_type=\"image.default\">\n\t\t\t\t<div class=\"elementor-widget-container\">\n\t\t\t\t\t\t\t\t\t\t\t\t\t\t\t<img fetchpriority=\"high\" decoding=\"async\" width=\"800\" height=\"534\" src=\"https:\/\/arbianahotel.com\/2025\/wp-content\/uploads\/2025\/04\/Mediterranean-dishes-Boutique-Hotel-Arbiana-Rab-Croatia-2-1024x683.webp\" class=\"attachment-large size-large wp-image-1670\" alt=\"\" srcset=\"https:\/\/arbianahotel.com\/2025\/wp-content\/uploads\/2025\/04\/Mediterranean-dishes-Boutique-Hotel-Arbiana-Rab-Croatia-2-1024x683.webp 1024w, https:\/\/arbianahotel.com\/2025\/wp-content\/uploads\/2025\/04\/Mediterranean-dishes-Boutique-Hotel-Arbiana-Rab-Croatia-2-300x200.webp 300w, https:\/\/arbianahotel.com\/2025\/wp-content\/uploads\/2025\/04\/Mediterranean-dishes-Boutique-Hotel-Arbiana-Rab-Croatia-2-768x512.webp 768w, https:\/\/arbianahotel.com\/2025\/wp-content\/uploads\/2025\/04\/Mediterranean-dishes-Boutique-Hotel-Arbiana-Rab-Croatia-2-1536x1024.webp 1536w, https:\/\/arbianahotel.com\/2025\/wp-content\/uploads\/2025\/04\/Mediterranean-dishes-Boutique-Hotel-Arbiana-Rab-Croatia-2.webp 1920w\" sizes=\"(max-width: 800px) 100vw, 800px\">\t\t\t\t\t\t\t\t\t\t\t\t\t\t\t<\/div>\n\t\t\t\t<\/div>\n\t\t\t\t<div class=\"elementor-element elementor-element-93c835b elementor-widget elementor-widget-text-editor\" data-id=\"93c835b\" data-element_type=\"widget\" data-e-type=\"widget\" data-widget_type=\"text-editor.default\">\n\t\t\t\t<div class=\"elementor-widget-container\">\n\t\t\t\t\t\t\t\t\t<p>Die mediterranen Fisch- und Fleischgerichte auf unserer Speisekarte wurden in Zusammenarbeit mit ber\u00fchmten Lebensmittelberatern sorgf\u00e4ltig ausgew\u00e4hlt. Vorspeisen wie ein Fischcarpaccio mit einer Emulsion aus lokalen Fr\u00fcchten, hausgemachte Pasta oder mit Quark gef\u00fcllte Ravioli in Kombination mit lokalen Meeresfr\u00fcchten werden Ihren Gaumen sicherlich erfreuen. <\/p>\t\t\t\t\t\t\t\t<\/div>\n\t\t\t\t<\/div>\n\t\t\t\t<\/div>\n\t\t\t\t<\/div>\n\t\t<div class=\"elementor-element elementor-element-b694e50 e-flex e-con-boxed e-con e-parent\" data-id=\"b694e50\" data-element_type=\"container\" data-e-type=\"container\">\n\t\t\t\t\t<div class=\"e-con-inner\">\n\t\t<div class=\"elementor-element elementor-element-d900709 e-con-full e-flex e-con e-child\" data-id=\"d900709\" data-element_type=\"container\" data-e-type=\"container\">\n\t\t\t\t<div class=\"elementor-element elementor-element-7b37a4a elementor-widget elementor-widget-image\" data-id=\"7b37a4a\" data-element_type=\"widget\" data-e-type=\"widget\" data-widget_type=\"image.default\">\n\t\t\t\t<div class=\"elementor-widget-container\">\n\t\t\t\t\t\t\t\t\t\t\t\t\t\t\t<img decoding=\"async\" width=\"683\" height=\"1024\" src=\"https:\/\/arbianahotel.com\/2025\/wp-content\/uploads\/2025\/04\/Agatas-Garden-Restaurant-fish-Boutique-Hotel-Arbiana-Rab-Croatia-2-683x1024.webp\" class=\"attachment-large size-large wp-image-1684\" alt=\"\" srcset=\"https:\/\/arbianahotel.com\/2025\/wp-content\/uploads\/2025\/04\/Agatas-Garden-Restaurant-fish-Boutique-Hotel-Arbiana-Rab-Croatia-2-683x1024.webp 683w, https:\/\/arbianahotel.com\/2025\/wp-content\/uploads\/2025\/04\/Agatas-Garden-Restaurant-fish-Boutique-Hotel-Arbiana-Rab-Croatia-2-200x300.webp 200w, https:\/\/arbianahotel.com\/2025\/wp-content\/uploads\/2025\/04\/Agatas-Garden-Restaurant-fish-Boutique-Hotel-Arbiana-Rab-Croatia-2-768x1152.webp 768w, https:\/\/arbianahotel.com\/2025\/wp-content\/uploads\/2025\/04\/Agatas-Garden-Restaurant-fish-Boutique-Hotel-Arbiana-Rab-Croatia-2.webp 800w\" sizes=\"(max-width: 683px) 100vw, 683px\">\t\t\t\t\t\t\t\t\t\t\t\t\t\t\t<\/div>\n\t\t\t\t<\/div>\n\t\t\t\t<\/div>\n\t\t<div class=\"elementor-element elementor-element-dd55c86 e-con-full e-flex e-con e-child\" data-id=\"dd55c86\" data-element_type=\"container\" data-e-type=\"container\" data-settings=\"{&quot;background_background&quot;:&quot;classic&quot;}\">\n\t\t\t\t<div class=\"elementor-element elementor-element-5d0f4d5 elementor-widget elementor-widget-text-editor\" data-id=\"5d0f4d5\" data-element_type=\"widget\" data-e-type=\"widget\" data-widget_type=\"text-editor.default\">\n\t\t\t\t<div class=\"elementor-widget-container\">\n\t\t\t\t\t\t\t\t\t<p>Unser Fisch wird direkt von den Fischern der Insel bezogen, um sicherzustellen, dass Sie lokale und frische Aromen genie\u00dfen k\u00f6nnen.<\/p><p>Jede Beilage wird sorgf\u00e4ltig ausgew\u00e4hlt, um die Geschmackskombination auf Ihrem Teller perfekt abzurunden. Kosten Sie unbedingt unsere kreativen Desserts. Sie zeichnen sich durch ihre leichte Textur aus und werden mit frischen Zutaten aus der Region zubereitet.  <\/p>\t\t\t\t\t\t\t\t<\/div>\n\t\t\t\t<\/div>\n\t\t\t\t<\/div>\n\t\t<div class=\"elementor-element elementor-element-21c4030 e-con-full e-flex e-con e-child\" data-id=\"21c4030\" data-element_type=\"container\" data-e-type=\"container\" data-settings=\"{&quot;background_background&quot;:&quot;classic&quot;}\">\n\t\t\t\t<div class=\"elementor-element elementor-element-5d6520d elementor-invisible elementor-widget elementor-widget-text-editor\" data-id=\"5d6520d\" data-element_type=\"widget\" data-e-type=\"widget\" data-settings=\"{&quot;_animation&quot;:&quot;fadeInDown&quot;}\" data-widget_type=\"text-editor.default\">\n\t\t\t\t<div class=\"elementor-widget-container\">\n\t\t\t\t\t\t\t\t\t<p>Probieren Sie unbedingt unsere kreativen Desserts. <\/p>\t\t\t\t\t\t\t\t<\/div>\n\t\t\t\t<\/div>\n\t\t\t\t<\/div>\n\t\t\t\t\t<\/div>\n\t\t\t\t<\/div>\n\t\t<div class=\"elementor-element elementor-element-ac4d0f9 e-flex e-con-boxed e-con e-parent\" data-id=\"ac4d0f9\" data-element_type=\"container\" data-e-type=\"container\" data-settings=\"{&quot;background_background&quot;:&quot;classic&quot;}\">\n\t\t\t\t\t<div class=\"e-con-inner\">\n\t\t<div class=\"elementor-element elementor-element-adc55ae e-flex e-con-boxed e-con e-child\" data-id=\"adc55ae\" data-element_type=\"container\" data-e-type=\"container\" data-settings=\"{&quot;background_background&quot;:&quot;classic&quot;}\">\n\t\t\t\t\t<div class=\"e-con-inner\">\n\t\t\t\t<div class=\"elementor-element elementor-element-b5ddb5e elementor-widget elementor-widget-text-editor\" data-id=\"b5ddb5e\" data-element_type=\"widget\" data-e-type=\"widget\" data-widget_type=\"text-editor.default\">\n\t\t\t\t<div class=\"elementor-widget-container\">\n\t\t\t\t\t\t\t\t\t<p>Das Restaurant ist auch ein idealer Ort f\u00fcr Hochzeitsempf\u00e4nge.<\/p>\t\t\t\t\t\t\t\t<\/div>\n\t\t\t\t<\/div>\n\t\t\t\t\t<\/div>\n\t\t\t\t<\/div>\n\t\t\t\t\t<\/div>\n\t\t\t\t<\/div>\n\t\t<div class=\"elementor-element elementor-element-96d874f e-flex e-con-boxed e-con e-parent\" data-id=\"96d874f\" data-element_type=\"container\" data-e-type=\"container\">\n\t\t\t\t\t<div class=\"e-con-inner\">\n\t\t<div class=\"elementor-element elementor-element-ada4c24 e-con-full e-flex e-con e-child\" data-id=\"ada4c24\" data-element_type=\"container\" data-e-type=\"container\" data-settings=\"{&quot;background_background&quot;:&quot;classic&quot;}\">\n\t\t\t\t<div class=\"elementor-element elementor-element-7579b9e elementor-invisible elementor-widget elementor-widget-text-editor\" data-id=\"7579b9e\" data-element_type=\"widget\" data-e-type=\"widget\" data-settings=\"{&quot;_animation&quot;:&quot;fadeInDown&quot;}\" data-widget_type=\"text-editor.default\">\n\t\t\t\t<div class=\"elementor-widget-container\">\n\t\t\t\t\t\t\t\t\t<p>2018 &#8211; Preis des Tourismusverbandes f\u00fcr das beste Restaurant auf der Insel Rab<\/p>\t\t\t\t\t\t\t\t<\/div>\n\t\t\t\t<\/div>\n\t\t\t\t<\/div>\n\t\t<div class=\"elementor-element elementor-element-85a1930 e-con-full e-flex e-con e-child\" data-id=\"85a1930\" data-element_type=\"container\" data-e-type=\"container\">\n\t\t\t\t<div class=\"elementor-element elementor-element-bde3095 elementor-widget elementor-widget-image\" data-id=\"bde3095\" data-element_type=\"widget\" data-e-type=\"widget\" data-widget_type=\"image.default\">\n\t\t\t\t<div class=\"elementor-widget-container\">\n\t\t\t\t\t\t\t\t\t\t\t\t\t\t\t<img decoding=\"async\" width=\"683\" height=\"1024\" src=\"https:\/\/arbianahotel.com\/2025\/wp-content\/uploads\/2025\/04\/Agatas-Garden-Restaurant-Croatian-Galic-Winery-Boutique-Hotel-Arbiana-Rab-Croatia-2-683x1024.webp\" class=\"attachment-large size-large wp-image-1693\" alt=\"\" srcset=\"https:\/\/arbianahotel.com\/2025\/wp-content\/uploads\/2025\/04\/Agatas-Garden-Restaurant-Croatian-Galic-Winery-Boutique-Hotel-Arbiana-Rab-Croatia-2-683x1024.webp 683w, https:\/\/arbianahotel.com\/2025\/wp-content\/uploads\/2025\/04\/Agatas-Garden-Restaurant-Croatian-Galic-Winery-Boutique-Hotel-Arbiana-Rab-Croatia-2-200x300.webp 200w, https:\/\/arbianahotel.com\/2025\/wp-content\/uploads\/2025\/04\/Agatas-Garden-Restaurant-Croatian-Galic-Winery-Boutique-Hotel-Arbiana-Rab-Croatia-2-768x1152.webp 768w, https:\/\/arbianahotel.com\/2025\/wp-content\/uploads\/2025\/04\/Agatas-Garden-Restaurant-Croatian-Galic-Winery-Boutique-Hotel-Arbiana-Rab-Croatia-2.webp 800w\" sizes=\"(max-width: 683px) 100vw, 683px\">\t\t\t\t\t\t\t\t\t\t\t\t\t\t\t<\/div>\n\t\t\t\t<\/div>\n\t\t\t\t<\/div>\n\t\t<div class=\"elementor-element elementor-element-a208153 e-con-full e-flex e-con e-child\" data-id=\"a208153\" data-element_type=\"container\" data-e-type=\"container\" data-settings=\"{&quot;background_background&quot;:&quot;classic&quot;}\">\n\t\t\t\t<div class=\"elementor-element elementor-element-2af6c86 elementor-widget elementor-widget-text-editor\" data-id=\"2af6c86\" data-element_type=\"widget\" data-e-type=\"widget\" data-widget_type=\"text-editor.default\">\n\t\t\t\t<div class=\"elementor-widget-container\">\n\t\t\t\t\t\t\t\t\t<p>Erfahrene Feinschmecker werden unser Drei-G\u00e4nge-Degustationsmen\u00fc lieben, bei dem jeder Gang mit einem der besten Weine aus unserer Auswahl kombiniert wird.<\/p><p>Das Restaurant Agatini vrtovi bietet nicht nur eine hervorragende Weinkarte, sondern ist auch stolzer Gewinner des Preises Tourist Board Award 2018 f\u00fcr das beste Restaurant auf Rab.<\/p>\t\t\t\t\t\t\t\t<\/div>\n\t\t\t\t<\/div>\n\t\t\t\t<\/div>\n\t\t\t\t\t<\/div>\n\t\t\t\t<\/div>\n\t\t<div class=\"elementor-element elementor-element-79eac51 e-flex e-con-boxed e-con e-parent\" data-id=\"79eac51\" data-element_type=\"container\" data-e-type=\"container\">\n\t\t\t\t\t<div class=\"e-con-inner\">\n\t\t<div class=\"elementor-element elementor-element-ab7f160 e-con-full e-flex e-con e-child\" data-id=\"ab7f160\" data-element_type=\"container\" data-e-type=\"container\">\n\t\t<div class=\"elementor-element elementor-element-206582b e-con-full e-flex e-con e-child\" data-id=\"206582b\" data-element_type=\"container\" data-e-type=\"container\" data-settings=\"{&quot;background_background&quot;:&quot;classic&quot;}\">\n\t\t\t\t<div class=\"elementor-element elementor-element-af3c447 elementor-widget elementor-widget-image\" data-id=\"af3c447\" data-element_type=\"widget\" data-e-type=\"widget\" data-widget_type=\"image.default\">\n\t\t\t\t<div class=\"elementor-widget-container\">\n\t\t\t\t\t\t\t\t\t\t\t\t\t\t\t<img loading=\"lazy\" decoding=\"async\" width=\"800\" height=\"534\" src=\"https:\/\/arbianahotel.com\/2025\/wp-content\/uploads\/2025\/04\/Agatas-Garden-Restaurant-reserve-Boutique-Hotel-Arbiana-Rab-Croatia-1-1024x683.webp\" class=\"attachment-large size-large wp-image-1776\" alt=\"\" srcset=\"https:\/\/arbianahotel.com\/2025\/wp-content\/uploads\/2025\/04\/Agatas-Garden-Restaurant-reserve-Boutique-Hotel-Arbiana-Rab-Croatia-1-1024x683.webp 1024w, https:\/\/arbianahotel.com\/2025\/wp-content\/uploads\/2025\/04\/Agatas-Garden-Restaurant-reserve-Boutique-Hotel-Arbiana-Rab-Croatia-1-300x200.webp 300w, https:\/\/arbianahotel.com\/2025\/wp-content\/uploads\/2025\/04\/Agatas-Garden-Restaurant-reserve-Boutique-Hotel-Arbiana-Rab-Croatia-1-768x512.webp 768w, https:\/\/arbianahotel.com\/2025\/wp-content\/uploads\/2025\/04\/Agatas-Garden-Restaurant-reserve-Boutique-Hotel-Arbiana-Rab-Croatia-1.webp 1200w\" sizes=\"(max-width: 800px) 100vw, 800px\">\t\t\t\t\t\t\t\t\t\t\t\t\t\t\t<\/div>\n\t\t\t\t<\/div>\n\t\t\t\t<\/div>\n\t\t<div class=\"elementor-element elementor-element-78533d7 e-con-full e-flex e-con e-child\" data-id=\"78533d7\" data-element_type=\"container\" data-e-type=\"container\" data-settings=\"{&quot;background_background&quot;:&quot;classic&quot;}\">\n\t\t\t\t<div class=\"elementor-element elementor-element-911c6bd elementor-widget elementor-widget-text-editor\" data-id=\"911c6bd\" data-element_type=\"widget\" data-e-type=\"widget\" data-widget_type=\"text-editor.default\">\n\t\t\t\t<div class=\"elementor-widget-container\">\n\t\t\t\t\t\t\t\t\t<p>F\u00fcr ein unvergessliches kulinarisches Erlebnis im Restaurant Agatini vrtovi empfehlen wir, eine Reservierung im Voraus vorzunehmen, um Ihren Tisch inmitten des wundersch\u00f6nen Gartens des Hotels Arbiana zu sichern.<\/p>\t\t\t\t\t\t\t\t<\/div>\n\t\t\t\t<\/div>\n\t\t<div class=\"elementor-element elementor-element-380f290 e-con-full e-flex e-con e-child\" data-id=\"380f290\" data-element_type=\"container\" data-e-type=\"container\">\n\t\t\t\t<div class=\"elementor-element elementor-element-a7d2c72 elementor-widget elementor-widget-button\" data-id=\"a7d2c72\" data-element_type=\"widget\" data-e-type=\"widget\" data-widget_type=\"button.default\">\n\t\t\t\t<div class=\"elementor-widget-container\">\n\t\t\t\t\t\t\t\t\t<div class=\"elementor-button-wrapper\">\n\t\t\t\t\t<a class=\"elementor-button elementor-button-link elementor-size-sm\" href=\"https:\/\/arbianahotel.qupola.net\/menu\/\" target=\"_blank\" rel=\"noopener\">\n\t\t\t\t\t\t<span class=\"elementor-button-content-wrapper\">\n\t\t\t\t\t\t<span class=\"elementor-button-icon\">\n\t\t\t\t<svg aria-hidden=\"true\" class=\"e-font-icon-svg e-fas-arrow-right\" viewBox=\"0 0 448 512\" xmlns=\"http:\/\/www.w3.org\/2000\/svg\"><path d=\"M190.5 66.9l22.2-22.2c9.4-9.4 24.6-9.4 33.9 0L441 239c9.4 9.4 9.4 24.6 0 33.9L246.6 467.3c-9.4 9.4-24.6 9.4-33.9 0l-22.2-22.2c-9.5-9.5-9.3-25 .4-34.3L311.4 296H24c-13.3 0-24-10.7-24-24v-32c0-13.3 10.7-24 24-24h287.4L190.9 101.2c-9.8-9.3-10-24.8-.4-34.3z\"><\/path><\/svg>\t\t\t<\/span>\n\t\t\t\t\t\t\t\t\t<span class=\"elementor-button-text\">Entdecken Sie unsere Speisekarte<\/span>\n\t\t\t\t\t<\/span>\n\t\t\t\t\t<\/a>\n\t\t\t\t<\/div>\n\t\t\t\t\t\t\t\t<\/div>\n\t\t\t\t<\/div>\n\t\t\t\t<div class=\"elementor-element elementor-element-97dcd9e elementor-widget elementor-widget-button\" data-id=\"97dcd9e\" data-element_type=\"widget\" data-e-type=\"widget\" data-widget_type=\"button.default\">\n\t\t\t\t<div class=\"elementor-widget-container\">\n\t\t\t\t\t\t\t\t\t<div class=\"elementor-button-wrapper\">\n\t\t\t\t\t<a class=\"elementor-button elementor-button-link elementor-size-sm\" href=\"mailto:info@arbianahotel.com\">\n\t\t\t\t\t\t<span class=\"elementor-button-content-wrapper\">\n\t\t\t\t\t\t<span class=\"elementor-button-icon\">\n\t\t\t\t<svg aria-hidden=\"true\" class=\"e-font-icon-svg e-fas-arrow-right\" viewBox=\"0 0 448 512\" xmlns=\"http:\/\/www.w3.org\/2000\/svg\"><path d=\"M190.5 66.9l22.2-22.2c9.4-9.4 24.6-9.4 33.9 0L441 239c9.4 9.4 9.4 24.6 0 33.9L246.6 467.3c-9.4 9.4-24.6 9.4-33.9 0l-22.2-22.2c-9.5-9.5-9.3-25 .4-34.3L311.4 296H24c-13.3 0-24-10.7-24-24v-32c0-13.3 10.7-24 24-24h287.4L190.9 101.2c-9.8-9.3-10-24.8-.4-34.3z\"><\/path><\/svg>\t\t\t<\/span>\n\t\t\t\t\t\t\t\t\t<span class=\"elementor-button-text\">Reservieren Sie einen Tisch <\/span>\n\t\t\t\t\t<\/span>\n\t\t\t\t\t<\/a>\n\t\t\t\t<\/div>\n\t\t\t\t\t\t\t\t<\/div>\n\t\t\t\t<\/div>\n\t\t\t\t<div class=\"elementor-element elementor-element-adc0b67 elementor-widget elementor-widget-button\" data-id=\"adc0b67\" data-element_type=\"widget\" data-e-type=\"widget\" data-widget_type=\"button.default\">\n\t\t\t\t<div class=\"elementor-widget-container\">\n\t\t\t\t\t\t\t\t\t<div class=\"elementor-button-wrapper\">\n\t\t\t\t\t<a class=\"elementor-button elementor-button-link elementor-size-sm\" href=\"tel:+38551775900\">\n\t\t\t\t\t\t<span class=\"elementor-button-content-wrapper\">\n\t\t\t\t\t\t<span class=\"elementor-button-icon\">\n\t\t\t\t<svg aria-hidden=\"true\" class=\"e-font-icon-svg e-fas-arrow-right\" viewBox=\"0 0 448 512\" xmlns=\"http:\/\/www.w3.org\/2000\/svg\"><path d=\"M190.5 66.9l22.2-22.2c9.4-9.4 24.6-9.4 33.9 0L441 239c9.4 9.4 9.4 24.6 0 33.9L246.6 467.3c-9.4 9.4-24.6 9.4-33.9 0l-22.2-22.2c-9.5-9.5-9.3-25 .4-34.3L311.4 296H24c-13.3 0-24-10.7-24-24v-32c0-13.3 10.7-24 24-24h287.4L190.9 101.2c-9.8-9.3-10-24.8-.4-34.3z\"><\/path><\/svg>\t\t\t<\/span>\n\t\t\t\t\t\t\t\t\t<span class=\"elementor-button-text\">Rufen Sie uns an +385 51 775 900<\/span>\n\t\t\t\t\t<\/span>\n\t\t\t\t\t<\/a>\n\t\t\t\t<\/div>\n\t\t\t\t\t\t\t\t<\/div>\n\t\t\t\t<\/div>\n\t\t\t\t<\/div>\n\t\t\t\t<\/div>\n\t\t\t\t<\/div>\n\t\t\t\t\t<\/div>\n\t\t\t\t<\/div>\n\t\t\t\t<\/div>\n\t\t","protected":false},"excerpt":{"rendered":"<p>Restaurant Agatini vrtovi Eine kulinarische Oase im Hotel Arbiana Dieses versteckte Juwel ist ein Ort, an dem Tradition auf moderne kulinarische Trends trifft und an dem lokale Zutaten in vielf\u00e4ltigen Kombinationen nach exotischer Art zubereitet werden. Die mediterranen Fisch- und Fleischgerichte auf unserer Speisekarte wurden in Zusammenarbeit mit ber\u00fchmten Lebensmittelberatern sorgf\u00e4ltig ausgew\u00e4hlt. Vorspeisen wie ein [&hellip;]<\/p>\n","protected":false},"author":1,"featured_media":0,"parent":0,"menu_order":0,"comment_status":"closed","ping_status":"closed","template":"","meta":{"_acf_changed":false,"footnotes":""},"class_list":["post-2911","page","type-page","status-publish","hentry"],"acf":[],"_links":{"self":[{"href":"https:\/\/arbianahotel.com\/de\/wp-json\/wp\/v2\/pages\/2911","targetHints":{"allow":["GET"]}}],"collection":[{"href":"https:\/\/arbianahotel.com\/de\/wp-json\/wp\/v2\/pages"}],"about":[{"href":"https:\/\/arbianahotel.com\/de\/wp-json\/wp\/v2\/types\/page"}],"author":[{"embeddable":true,"href":"https:\/\/arbianahotel.com\/de\/wp-json\/wp\/v2\/users\/1"}],"replies":[{"embeddable":true,"href":"https:\/\/arbianahotel.com\/de\/wp-json\/wp\/v2\/comments?post=2911"}],"version-history":[{"count":4,"href":"https:\/\/arbianahotel.com\/de\/wp-json\/wp\/v2\/pages\/2911\/revisions"}],"predecessor-version":[{"id":3013,"href":"https:\/\/arbianahotel.com\/de\/wp-json\/wp\/v2\/pages\/2911\/revisions\/3013"}],"wp:attachment":[{"href":"https:\/\/arbianahotel.com\/de\/wp-json\/wp\/v2\/media?parent=2911"}],"curies":[{"name":"wp","href":"https:\/\/api.w.org\/{rel}","templated":true}]}}