{"id":2914,"date":"2025-04-02T13:36:14","date_gmt":"2025-04-02T11:36:14","guid":{"rendered":"https:\/\/arbianahotel.com\/g9-weinbar\/"},"modified":"2025-07-10T12:45:08","modified_gmt":"2025-07-10T10:45:08","slug":"g9-weinbar","status":"publish","type":"page","link":"https:\/\/arbianahotel.com\/de\/g9-weinbar\/","title":{"rendered":"G9 Weinbar"},"content":{"rendered":"\t\t<div data-elementor-type=\"wp-page\" data-elementor-id=\"2914\" class=\"elementor elementor-2914 elementor-20\" data-elementor-post-type=\"page\">\n\t\t\t\t<div class=\"elementor-element elementor-element-d26785a e-con-full e-flex e-con e-parent\" data-id=\"d26785a\" data-element_type=\"container\" data-e-type=\"container\" data-settings=\"{&quot;background_background&quot;:&quot;classic&quot;,&quot;background_motion_fx_motion_fx_scrolling&quot;:&quot;yes&quot;,&quot;background_motion_fx_scale_effect&quot;:&quot;yes&quot;,&quot;background_motion_fx_scale_speed&quot;:{&quot;unit&quot;:&quot;px&quot;,&quot;size&quot;:2,&quot;sizes&quot;:[]},&quot;background_motion_fx_scale_direction&quot;:&quot;out-in&quot;,&quot;background_motion_fx_scale_range&quot;:{&quot;unit&quot;:&quot;%&quot;,&quot;size&quot;:&quot;&quot;,&quot;sizes&quot;:{&quot;start&quot;:20,&quot;end&quot;:80}},&quot;background_motion_fx_devices&quot;:[&quot;desktop&quot;,&quot;tablet&quot;,&quot;mobile&quot;]}\">\n\t\t\t\t<div class=\"elementor-element elementor-element-3eab079 elementor-widget elementor-widget-heading\" data-id=\"3eab079\" data-element_type=\"widget\" data-e-type=\"widget\" data-widget_type=\"heading.default\">\n\t\t\t\t<div class=\"elementor-widget-container\">\n\t\t\t\t\t<h1 class=\"elementor-heading-title elementor-size-default\">G9 Weinbar<\/h1>\t\t\t\t<\/div>\n\t\t\t\t<\/div>\n\t\t\t\t<div class=\"elementor-element elementor-element-c35e645 elementor-widget elementor-widget-heading\" data-id=\"c35e645\" data-element_type=\"widget\" data-e-type=\"widget\" data-widget_type=\"heading.default\">\n\t\t\t\t<div class=\"elementor-widget-container\">\n\t\t\t\t\t<h2 class=\"elementor-heading-title elementor-size-default\">Eine Geschichte von Wein, Tradition und Leidenschaft<\/h2>\t\t\t\t<\/div>\n\t\t\t\t<\/div>\n\t\t\t\t<\/div>\n\t\t<div class=\"elementor-element elementor-element-3d7c45a e-flex e-con-boxed e-con e-parent\" data-id=\"3d7c45a\" data-element_type=\"container\" data-e-type=\"container\">\n\t\t\t\t\t<div class=\"e-con-inner\">\n\t\t\t\t<div class=\"elementor-element elementor-element-74df364 elementor-widget elementor-widget-text-editor\" data-id=\"74df364\" data-element_type=\"widget\" data-e-type=\"widget\" data-widget_type=\"text-editor.default\">\n\t\t\t\t<div class=\"elementor-widget-container\">\n\t\t\t\t\t\t\t\t\t<p>Eingebettet in das bezaubernde Ambiente des Arbiana Heritage Hotels auf der malerischen Insel Rab l\u00e4dt die G9 Weinbar Weingenie\u00dfer und Weinkenner gleicherma\u00dfen zu einem wahrhaft exquisiten Erlebnis ein. <\/p>\t\t\t\t\t\t\t\t<\/div>\n\t\t\t\t<\/div>\n\t\t\t\t<div class=\"elementor-element elementor-element-d29a4b3 elementor-widget elementor-widget-text-editor\" data-id=\"d29a4b3\" data-element_type=\"widget\" data-e-type=\"widget\" data-widget_type=\"text-editor.default\">\n\t\t\t\t<div class=\"elementor-widget-container\">\n\t\t\t\t\t\t\t\t\t<p>Mit ihrem modernen Dekor und ihrer historischen Atmosph\u00e4re erf\u00fcllt die G9 Weinbar alle Voraussetzungen f\u00fcr unvergessliche Momente.<\/p>\t\t\t\t\t\t\t\t<\/div>\n\t\t\t\t<\/div>\n\t\t\t\t\t<\/div>\n\t\t\t\t<\/div>\n\t\t<div class=\"elementor-element elementor-element-148e8a1 e-con-full e-flex e-con e-parent\" data-id=\"148e8a1\" data-element_type=\"container\" data-e-type=\"container\" data-settings=\"{&quot;background_background&quot;:&quot;classic&quot;}\">\n\t\t<div class=\"elementor-element elementor-element-b0adf64 e-con-full e-flex e-con e-child\" data-id=\"b0adf64\" data-element_type=\"container\" data-e-type=\"container\" data-settings=\"{&quot;background_background&quot;:&quot;classic&quot;}\">\n\t\t\t\t<div class=\"elementor-element elementor-element-0d81d95 elementor-hidden-desktop elementor-hidden-tablet elementor-widget elementor-widget-image\" data-id=\"0d81d95\" data-element_type=\"widget\" data-e-type=\"widget\" data-widget_type=\"image.default\">\n\t\t\t\t<div class=\"elementor-widget-container\">\n\t\t\t\t\t\t\t\t\t\t\t\t\t\t\t<img fetchpriority=\"high\" decoding=\"async\" width=\"800\" height=\"534\" src=\"https:\/\/arbianahotel.com\/2025\/wp-content\/uploads\/2025\/04\/Wine-bar-G9-Boutique-Hotel-Arbiana-Rab-Croatia-1-1024x683.webp\" class=\"attachment-large size-large wp-image-2217\" alt=\"\" srcset=\"https:\/\/arbianahotel.com\/2025\/wp-content\/uploads\/2025\/04\/Wine-bar-G9-Boutique-Hotel-Arbiana-Rab-Croatia-1-1024x683.webp 1024w, https:\/\/arbianahotel.com\/2025\/wp-content\/uploads\/2025\/04\/Wine-bar-G9-Boutique-Hotel-Arbiana-Rab-Croatia-1-300x200.webp 300w, https:\/\/arbianahotel.com\/2025\/wp-content\/uploads\/2025\/04\/Wine-bar-G9-Boutique-Hotel-Arbiana-Rab-Croatia-1-768x512.webp 768w, https:\/\/arbianahotel.com\/2025\/wp-content\/uploads\/2025\/04\/Wine-bar-G9-Boutique-Hotel-Arbiana-Rab-Croatia-1-1536x1024.webp 1536w, https:\/\/arbianahotel.com\/2025\/wp-content\/uploads\/2025\/04\/Wine-bar-G9-Boutique-Hotel-Arbiana-Rab-Croatia-1.webp 1920w\" sizes=\"(max-width: 800px) 100vw, 800px\">\t\t\t\t\t\t\t\t\t\t\t\t\t\t\t<\/div>\n\t\t\t\t<\/div>\n\t\t\t\t<div class=\"elementor-element elementor-element-b5be561 elementor-widget elementor-widget-text-editor\" data-id=\"b5be561\" data-element_type=\"widget\" data-e-type=\"widget\" data-widget_type=\"text-editor.default\">\n\t\t\t\t<div class=\"elementor-widget-container\">\n\t\t\t\t\t\t\t\t\t<p>Tauchen Sie ein in eine Welt, in der jeder Schluck Wein eine Geschichte erz\u00e4hlt, denn neben renommierten internationalen Labels bietet die G9 Weinbar eine umfangreiche Auswahl an regionalen Weinen. Von knackigen Wei\u00dfweinen bis hin zu kr\u00e4ftigen Rotweinen verspricht jedes Glas eine Reise durch die Aromen der Region und dar\u00fcber hinaus. <\/p>\t\t\t\t\t\t\t\t<\/div>\n\t\t\t\t<\/div>\n\t\t\t\t<\/div>\n\t\t\t\t<\/div>\n\t\t<div class=\"elementor-element elementor-element-b455cf0 e-flex e-con-boxed e-con e-parent\" data-id=\"b455cf0\" data-element_type=\"container\" data-e-type=\"container\">\n\t\t\t\t\t<div class=\"e-con-inner\">\n\t\t<div class=\"elementor-element elementor-element-a4023cb e-con-full e-flex e-con e-child\" data-id=\"a4023cb\" data-element_type=\"container\" data-e-type=\"container\">\n\t\t\t\t<div class=\"elementor-element elementor-element-6ca908f elementor-widget elementor-widget-image\" data-id=\"6ca908f\" data-element_type=\"widget\" data-e-type=\"widget\" data-widget_type=\"image.default\">\n\t\t\t\t<div class=\"elementor-widget-container\">\n\t\t\t\t\t\t\t\t\t\t\t\t\t\t\t<img decoding=\"async\" width=\"650\" height=\"1024\" src=\"https:\/\/arbianahotel.com\/2025\/wp-content\/uploads\/2025\/04\/Wine-bar-G9-Boutique-Hotel-Arbiana-Rab-Croatia-3-650x1024.webp\" class=\"attachment-large size-large wp-image-2225\" alt=\"\" srcset=\"https:\/\/arbianahotel.com\/2025\/wp-content\/uploads\/2025\/04\/Wine-bar-G9-Boutique-Hotel-Arbiana-Rab-Croatia-3-650x1024.webp 650w, https:\/\/arbianahotel.com\/2025\/wp-content\/uploads\/2025\/04\/Wine-bar-G9-Boutique-Hotel-Arbiana-Rab-Croatia-3-190x300.webp 190w, https:\/\/arbianahotel.com\/2025\/wp-content\/uploads\/2025\/04\/Wine-bar-G9-Boutique-Hotel-Arbiana-Rab-Croatia-3-768x1211.webp 768w, https:\/\/arbianahotel.com\/2025\/wp-content\/uploads\/2025\/04\/Wine-bar-G9-Boutique-Hotel-Arbiana-Rab-Croatia-3.webp 800w\" sizes=\"(max-width: 650px) 100vw, 650px\">\t\t\t\t\t\t\t\t\t\t\t\t\t\t\t<\/div>\n\t\t\t\t<\/div>\n\t\t\t\t<\/div>\n\t\t<div class=\"elementor-element elementor-element-63db9f5 e-con-full e-flex e-con e-child\" data-id=\"63db9f5\" data-element_type=\"container\" data-e-type=\"container\" data-settings=\"{&quot;background_background&quot;:&quot;classic&quot;}\">\n\t\t\t\t<div class=\"elementor-element elementor-element-20671c5 elementor-widget elementor-widget-text-editor\" data-id=\"20671c5\" data-element_type=\"widget\" data-e-type=\"widget\" data-widget_type=\"text-editor.default\">\n\t\t\t\t<div class=\"elementor-widget-container\">\n\t\t\t\t\t\t\t\t\t<p>Kombinieren Sie Ihren ausgew\u00e4hlten Jahrgang mit k\u00f6stlichen kleinen H\u00e4ppchen, die fachm\u00e4nnisch zubereitet werden, um die Nuancen der Weine zu erg\u00e4nzen. Egal, ob Sie eine delikate K\u00e4seplatte oder frisch gefangene Meeresfr\u00fcchte bestellen, jedes Gericht wird sorgf\u00e4ltig zusammengestellt, um Ihr Geschmackserlebnis zu bereichern. <\/p>\t\t\t\t\t\t\t\t<\/div>\n\t\t\t\t<\/div>\n\t\t\t\t<\/div>\n\t\t<div class=\"elementor-element elementor-element-bf2175f e-con-full e-flex e-con e-child\" data-id=\"bf2175f\" data-element_type=\"container\" data-e-type=\"container\" data-settings=\"{&quot;background_background&quot;:&quot;classic&quot;}\">\n\t\t\t\t<div class=\"elementor-element elementor-element-17d7991 elementor-invisible elementor-widget elementor-widget-text-editor\" data-id=\"17d7991\" data-element_type=\"widget\" data-e-type=\"widget\" data-settings=\"{&quot;_animation&quot;:&quot;fadeInDown&quot;}\" data-widget_type=\"text-editor.default\">\n\t\t\t\t<div class=\"elementor-widget-container\">\n\t\t\t\t\t\t\t\t\t<p>Heben Sie Ihr Geschmackserlebnis auf die n\u00e4chste Stufe.<\/p>\t\t\t\t\t\t\t\t<\/div>\n\t\t\t\t<\/div>\n\t\t\t\t<\/div>\n\t\t\t\t\t<\/div>\n\t\t\t\t<\/div>\n\t\t<div class=\"elementor-element elementor-element-57bd77d e-con-full e-flex e-con e-parent\" data-id=\"57bd77d\" data-element_type=\"container\" data-e-type=\"container\" data-settings=\"{&quot;background_background&quot;:&quot;classic&quot;}\">\n\t\t<div class=\"elementor-element elementor-element-0afa3ab e-con-full e-flex e-con e-child\" data-id=\"0afa3ab\" data-element_type=\"container\" data-e-type=\"container\" data-settings=\"{&quot;background_background&quot;:&quot;classic&quot;}\">\n\t\t\t\t<div class=\"elementor-element elementor-element-4afadc2 elementor-hidden-desktop elementor-hidden-tablet elementor-widget elementor-widget-image\" data-id=\"4afadc2\" data-element_type=\"widget\" data-e-type=\"widget\" data-widget_type=\"image.default\">\n\t\t\t\t<div class=\"elementor-widget-container\">\n\t\t\t\t\t\t\t\t\t\t\t\t\t\t\t<img decoding=\"async\" width=\"800\" height=\"534\" src=\"https:\/\/arbianahotel.com\/2025\/wp-content\/uploads\/2025\/04\/Wine-bar-G9-Boutique-Hotel-Arbiana-Rab-Croatia-4-1024x683.webp\" class=\"attachment-large size-large wp-image-2229\" alt=\"\" srcset=\"https:\/\/arbianahotel.com\/2025\/wp-content\/uploads\/2025\/04\/Wine-bar-G9-Boutique-Hotel-Arbiana-Rab-Croatia-4-1024x683.webp 1024w, https:\/\/arbianahotel.com\/2025\/wp-content\/uploads\/2025\/04\/Wine-bar-G9-Boutique-Hotel-Arbiana-Rab-Croatia-4-300x200.webp 300w, https:\/\/arbianahotel.com\/2025\/wp-content\/uploads\/2025\/04\/Wine-bar-G9-Boutique-Hotel-Arbiana-Rab-Croatia-4-768x512.webp 768w, https:\/\/arbianahotel.com\/2025\/wp-content\/uploads\/2025\/04\/Wine-bar-G9-Boutique-Hotel-Arbiana-Rab-Croatia-4-1536x1024.webp 1536w, https:\/\/arbianahotel.com\/2025\/wp-content\/uploads\/2025\/04\/Wine-bar-G9-Boutique-Hotel-Arbiana-Rab-Croatia-4.webp 1920w\" sizes=\"(max-width: 800px) 100vw, 800px\">\t\t\t\t\t\t\t\t\t\t\t\t\t\t\t<\/div>\n\t\t\t\t<\/div>\n\t\t\t\t<div class=\"elementor-element elementor-element-932635a elementor-widget elementor-widget-text-editor\" data-id=\"932635a\" data-element_type=\"widget\" data-e-type=\"widget\" data-widget_type=\"text-editor.default\">\n\t\t\t\t<div class=\"elementor-widget-container\">\n\t\t\t\t\t\t\t\t\t<p>In der G9 Weinbar ist Gastlichkeit eine Kunstform. Ein kompetentes Team f\u00fchrt die G\u00e4ste durch die komplexen Eigenschaften der einzelnen Weine. Egal, ob Sie ein erfahrener Kenner oder ein neugieriger Anf\u00e4nger sind, Sie werden in eine Welt voller Entdeckungen und Freuden eintauchen. <\/p>\t\t\t\t\t\t\t\t<\/div>\n\t\t\t\t<\/div>\n\t\t\t\t<\/div>\n\t\t\t\t<\/div>\n\t\t<div class=\"elementor-element elementor-element-a35702a e-flex e-con-boxed e-con e-parent\" data-id=\"a35702a\" data-element_type=\"container\" data-e-type=\"container\">\n\t\t\t\t\t<div class=\"e-con-inner\">\n\t\t<div class=\"elementor-element elementor-element-59f849c e-con-full e-flex e-con e-child\" data-id=\"59f849c\" data-element_type=\"container\" data-e-type=\"container\">\n\t\t<div class=\"elementor-element elementor-element-d2306a5 e-con-full e-flex e-con e-child\" data-id=\"d2306a5\" data-element_type=\"container\" data-e-type=\"container\" data-settings=\"{&quot;background_background&quot;:&quot;classic&quot;}\">\n\t\t\t\t<div class=\"elementor-element elementor-element-775729f elementor-widget elementor-widget-image\" data-id=\"775729f\" data-element_type=\"widget\" data-e-type=\"widget\" data-widget_type=\"image.default\">\n\t\t\t\t<div class=\"elementor-widget-container\">\n\t\t\t\t\t\t\t\t\t\t\t\t\t\t\t<img loading=\"lazy\" decoding=\"async\" width=\"800\" height=\"643\" src=\"https:\/\/arbianahotel.com\/2025\/wp-content\/uploads\/2025\/04\/Wine-bar-G9-menu-Boutique-Hotel-Arbiana-Rab-Croatia-4-1024x823.webp\" class=\"attachment-large size-large wp-image-2236\" alt=\"\" srcset=\"https:\/\/arbianahotel.com\/2025\/wp-content\/uploads\/2025\/04\/Wine-bar-G9-menu-Boutique-Hotel-Arbiana-Rab-Croatia-4-1024x823.webp 1024w, https:\/\/arbianahotel.com\/2025\/wp-content\/uploads\/2025\/04\/Wine-bar-G9-menu-Boutique-Hotel-Arbiana-Rab-Croatia-4-300x241.webp 300w, https:\/\/arbianahotel.com\/2025\/wp-content\/uploads\/2025\/04\/Wine-bar-G9-menu-Boutique-Hotel-Arbiana-Rab-Croatia-4-768x618.webp 768w, https:\/\/arbianahotel.com\/2025\/wp-content\/uploads\/2025\/04\/Wine-bar-G9-menu-Boutique-Hotel-Arbiana-Rab-Croatia-4.webp 1200w\" sizes=\"(max-width: 800px) 100vw, 800px\">\t\t\t\t\t\t\t\t\t\t\t\t\t\t\t<\/div>\n\t\t\t\t<\/div>\n\t\t\t\t<\/div>\n\t\t<div class=\"elementor-element elementor-element-974e266 e-con-full e-flex e-con e-child\" data-id=\"974e266\" data-element_type=\"container\" data-e-type=\"container\" data-settings=\"{&quot;background_background&quot;:&quot;classic&quot;}\">\n\t\t\t\t<div class=\"elementor-element elementor-element-b034aea elementor-widget elementor-widget-text-editor\" data-id=\"b034aea\" data-element_type=\"widget\" data-e-type=\"widget\" data-widget_type=\"text-editor.default\">\n\t\t\t\t<div class=\"elementor-widget-container\">\n\t\t\t\t\t\t\t\t\t<p>Entfliehen Sie in die ruhige Oase der G9 Weinbar im Hotel Arbiana und lassen Sie sich Schluck f\u00fcr Schluck von den Aromen des Mittelmeers verzaubern.<\/p>\t\t\t\t\t\t\t\t<\/div>\n\t\t\t\t<\/div>\n\t\t<div class=\"elementor-element elementor-element-f5d83da e-con-full e-flex e-con e-child\" data-id=\"f5d83da\" data-element_type=\"container\" data-e-type=\"container\">\n\t\t\t\t<div class=\"elementor-element elementor-element-4c8bb21 elementor-widget elementor-widget-button\" data-id=\"4c8bb21\" data-element_type=\"widget\" data-e-type=\"widget\" data-widget_type=\"button.default\">\n\t\t\t\t<div class=\"elementor-widget-container\">\n\t\t\t\t\t\t\t\t\t<div class=\"elementor-button-wrapper\">\n\t\t\t\t\t<a class=\"elementor-button elementor-button-link elementor-size-sm\" href=\"https:\/\/arbianahotel.qupola.net\/menu\/\" target=\"_blank\" rel=\"noopener\">\n\t\t\t\t\t\t<span class=\"elementor-button-content-wrapper\">\n\t\t\t\t\t\t<span class=\"elementor-button-icon\">\n\t\t\t\t<svg aria-hidden=\"true\" class=\"e-font-icon-svg e-fas-arrow-right\" viewBox=\"0 0 448 512\" xmlns=\"http:\/\/www.w3.org\/2000\/svg\"><path d=\"M190.5 66.9l22.2-22.2c9.4-9.4 24.6-9.4 33.9 0L441 239c9.4 9.4 9.4 24.6 0 33.9L246.6 467.3c-9.4 9.4-24.6 9.4-33.9 0l-22.2-22.2c-9.5-9.5-9.3-25 .4-34.3L311.4 296H24c-13.3 0-24-10.7-24-24v-32c0-13.3 10.7-24 24-24h287.4L190.9 101.2c-9.8-9.3-10-24.8-.4-34.3z\"><\/path><\/svg>\t\t\t<\/span>\n\t\t\t\t\t\t\t\t\t<span class=\"elementor-button-text\">Schauen Sie sich unsere Weinauswahl an <\/span>\n\t\t\t\t\t<\/span>\n\t\t\t\t\t<\/a>\n\t\t\t\t<\/div>\n\t\t\t\t\t\t\t\t<\/div>\n\t\t\t\t<\/div>\n\t\t\t\t<div class=\"elementor-element elementor-element-20a2033 elementor-widget elementor-widget-button\" data-id=\"20a2033\" data-element_type=\"widget\" data-e-type=\"widget\" data-widget_type=\"button.default\">\n\t\t\t\t<div class=\"elementor-widget-container\">\n\t\t\t\t\t\t\t\t\t<div class=\"elementor-button-wrapper\">\n\t\t\t\t\t<a class=\"elementor-button elementor-button-link elementor-size-sm\" href=\"http:\/\/\u00dcberpr\u00fcfen%20Sie%20die%20Auswahl%20an%20Vorspeisen%20und%20Cocktails%20\">\n\t\t\t\t\t\t<span class=\"elementor-button-content-wrapper\">\n\t\t\t\t\t\t<span class=\"elementor-button-icon\">\n\t\t\t\t<svg aria-hidden=\"true\" class=\"e-font-icon-svg e-fas-arrow-right\" viewBox=\"0 0 448 512\" xmlns=\"http:\/\/www.w3.org\/2000\/svg\"><path d=\"M190.5 66.9l22.2-22.2c9.4-9.4 24.6-9.4 33.9 0L441 239c9.4 9.4 9.4 24.6 0 33.9L246.6 467.3c-9.4 9.4-24.6 9.4-33.9 0l-22.2-22.2c-9.5-9.5-9.3-25 .4-34.3L311.4 296H24c-13.3 0-24-10.7-24-24v-32c0-13.3 10.7-24 24-24h287.4L190.9 101.2c-9.8-9.3-10-24.8-.4-34.3z\"><\/path><\/svg>\t\t\t<\/span>\n\t\t\t\t\t\t\t\t\t<span class=\"elementor-button-text\">Reservieren Sie einen Tisch <\/span>\n\t\t\t\t\t<\/span>\n\t\t\t\t\t<\/a>\n\t\t\t\t<\/div>\n\t\t\t\t\t\t\t\t<\/div>\n\t\t\t\t<\/div>\n\t\t\t\t<div class=\"elementor-element elementor-element-880d1bc elementor-widget elementor-widget-button\" data-id=\"880d1bc\" data-element_type=\"widget\" data-e-type=\"widget\" data-widget_type=\"button.default\">\n\t\t\t\t<div class=\"elementor-widget-container\">\n\t\t\t\t\t\t\t\t\t<div class=\"elementor-button-wrapper\">\n\t\t\t\t\t<a class=\"elementor-button elementor-button-link elementor-size-sm\" href=\"tel:+38551775900\">\n\t\t\t\t\t\t<span class=\"elementor-button-content-wrapper\">\n\t\t\t\t\t\t<span class=\"elementor-button-icon\">\n\t\t\t\t<svg aria-hidden=\"true\" class=\"e-font-icon-svg e-fas-arrow-right\" viewBox=\"0 0 448 512\" xmlns=\"http:\/\/www.w3.org\/2000\/svg\"><path d=\"M190.5 66.9l22.2-22.2c9.4-9.4 24.6-9.4 33.9 0L441 239c9.4 9.4 9.4 24.6 0 33.9L246.6 467.3c-9.4 9.4-24.6 9.4-33.9 0l-22.2-22.2c-9.5-9.5-9.3-25 .4-34.3L311.4 296H24c-13.3 0-24-10.7-24-24v-32c0-13.3 10.7-24 24-24h287.4L190.9 101.2c-9.8-9.3-10-24.8-.4-34.3z\"><\/path><\/svg>\t\t\t<\/span>\n\t\t\t\t\t\t\t\t\t<span class=\"elementor-button-text\">Rufen Sie uns an +385 51 775 900<\/span>\n\t\t\t\t\t<\/span>\n\t\t\t\t\t<\/a>\n\t\t\t\t<\/div>\n\t\t\t\t\t\t\t\t<\/div>\n\t\t\t\t<\/div>\n\t\t\t\t<\/div>\n\t\t\t\t<\/div>\n\t\t\t\t<\/div>\n\t\t\t\t\t<\/div>\n\t\t\t\t<\/div>\n\t\t\t\t<\/div>\n\t\t","protected":false},"excerpt":{"rendered":"<p>G9 Weinbar Eine Geschichte von Wein, Tradition und Leidenschaft Eingebettet in das bezaubernde Ambiente des Arbiana Heritage Hotels auf der malerischen Insel Rab l\u00e4dt die G9 Weinbar Weingenie\u00dfer und Weinkenner gleicherma\u00dfen zu einem wahrhaft exquisiten Erlebnis ein. Mit ihrem modernen Dekor und ihrer historischen Atmosph\u00e4re erf\u00fcllt die G9 Weinbar alle Voraussetzungen f\u00fcr unvergessliche Momente. Tauchen [&hellip;]<\/p>\n","protected":false},"author":1,"featured_media":0,"parent":0,"menu_order":0,"comment_status":"closed","ping_status":"closed","template":"","meta":{"_acf_changed":false,"footnotes":""},"class_list":["post-2914","page","type-page","status-publish","hentry"],"acf":[],"_links":{"self":[{"href":"https:\/\/arbianahotel.com\/de\/wp-json\/wp\/v2\/pages\/2914","targetHints":{"allow":["GET"]}}],"collection":[{"href":"https:\/\/arbianahotel.com\/de\/wp-json\/wp\/v2\/pages"}],"about":[{"href":"https:\/\/arbianahotel.com\/de\/wp-json\/wp\/v2\/types\/page"}],"author":[{"embeddable":true,"href":"https:\/\/arbianahotel.com\/de\/wp-json\/wp\/v2\/users\/1"}],"replies":[{"embeddable":true,"href":"https:\/\/arbianahotel.com\/de\/wp-json\/wp\/v2\/comments?post=2914"}],"version-history":[{"count":2,"href":"https:\/\/arbianahotel.com\/de\/wp-json\/wp\/v2\/pages\/2914\/revisions"}],"predecessor-version":[{"id":2916,"href":"https:\/\/arbianahotel.com\/de\/wp-json\/wp\/v2\/pages\/2914\/revisions\/2916"}],"wp:attachment":[{"href":"https:\/\/arbianahotel.com\/de\/wp-json\/wp\/v2\/media?parent=2914"}],"curies":[{"name":"wp","href":"https:\/\/api.w.org\/{rel}","templated":true}]}}