{"id":2925,"date":"2025-04-02T13:40:21","date_gmt":"2025-04-02T11:40:21","guid":{"rendered":"https:\/\/arbianahotel.com\/rechtsinformation\/"},"modified":"2025-07-10T13:06:42","modified_gmt":"2025-07-10T11:06:42","slug":"rechtsinformation","status":"publish","type":"page","link":"https:\/\/arbianahotel.com\/de\/rechtsinformation\/","title":{"rendered":"Rechtsinformation"},"content":{"rendered":"\n<p><strong><strong>ARBIANA d.o.o.<\/strong><\/strong><\/p>\n\n<p>VAT (UID-Nr.): 82133511863<br\/>Matrikelnummer: 030125477<\/p>\n\n<p><strong>Bankverbindung:<\/strong><br\/>Erste&amp;Steiermarkische Bank d.d.<br\/>IBAN: HR90 2402 0061 1008 2686 7<\/p>\n\n<p><strong>Hauptsitz:<\/strong><br\/>Ulica Vjekoslava Spin\u010di\u0107a 23, 51410 Opatija, Kroatien<\/p>\n\n<p><strong>Direktor:<\/strong> Nikola Ra\u010deta<\/p>\n\n<p>Stammkapital der Gesellschaft und Auskunft \u00fcber die vollst\u00e4ndige Einzahlung des Stammkapitals: 6.636,14 \u20ac \/ 50.000 kuna (fester Umrechnungskurs 7.53450).<\/p>\n\n<p>ARBIANA d.o.o. (Gesellschaft mit beschr\u00e4nkter Haftung), eingetragen im Register des Handelsgerichts in Rijeka.<\/p>\n\n<div style=\"height:35px\" aria-hidden=\"true\" class=\"wp-block-spacer\"><\/div>\n\n<p><strong><strong>Inhaber der Urheberrechte f\u00fcr auf der Website verwendete Fotos<\/strong>:<\/strong> TZG Rab, Eros Grubi\u0161i\u0107, Petar Lupi\u0107, Harry Voglhuber<\/p>\n","protected":false},"excerpt":{"rendered":"<p>ARBIANA d.o.o. VAT (UID-Nr.): 82133511863Matrikelnummer: 030125477 Bankverbindung:Erste&amp;Steiermarkische Bank d.d.IBAN: HR90 2402 0061 1008 2686 7 Hauptsitz:Ulica Vjekoslava Spin\u010di\u0107a 23, 51410 Opatija, Kroatien Direktor: Nikola Ra\u010deta Stammkapital der Gesellschaft und Auskunft \u00fcber die vollst\u00e4ndige Einzahlung des Stammkapitals: 6.636,14 \u20ac \/ 50.000 kuna (fester Umrechnungskurs 7.53450). ARBIANA d.o.o. (Gesellschaft mit beschr\u00e4nkter Haftung), eingetragen im Register des Handelsgerichts [&hellip;]<\/p>\n","protected":false},"author":1,"featured_media":0,"parent":0,"menu_order":0,"comment_status":"closed","ping_status":"closed","template":"","meta":{"_acf_changed":false,"footnotes":""},"class_list":["post-2925","page","type-page","status-publish","hentry"],"acf":[],"_links":{"self":[{"href":"https:\/\/arbianahotel.com\/de\/wp-json\/wp\/v2\/pages\/2925","targetHints":{"allow":["GET"]}}],"collection":[{"href":"https:\/\/arbianahotel.com\/de\/wp-json\/wp\/v2\/pages"}],"about":[{"href":"https:\/\/arbianahotel.com\/de\/wp-json\/wp\/v2\/types\/page"}],"author":[{"embeddable":true,"href":"https:\/\/arbianahotel.com\/de\/wp-json\/wp\/v2\/users\/1"}],"replies":[{"embeddable":true,"href":"https:\/\/arbianahotel.com\/de\/wp-json\/wp\/v2\/comments?post=2925"}],"version-history":[{"count":1,"href":"https:\/\/arbianahotel.com\/de\/wp-json\/wp\/v2\/pages\/2925\/revisions"}],"predecessor-version":[{"id":2926,"href":"https:\/\/arbianahotel.com\/de\/wp-json\/wp\/v2\/pages\/2925\/revisions\/2926"}],"wp:attachment":[{"href":"https:\/\/arbianahotel.com\/de\/wp-json\/wp\/v2\/media?parent=2925"}],"curies":[{"name":"wp","href":"https:\/\/api.w.org\/{rel}","templated":true}]}}