{"id":2819,"date":"2025-04-02T13:35:16","date_gmt":"2025-04-02T11:35:16","guid":{"rendered":"https:\/\/arbianahotel.com\/restoran-agatas-garden\/"},"modified":"2025-07-20T00:17:10","modified_gmt":"2025-07-19T22:17:10","slug":"restoran-agatini-vrtovi","status":"publish","type":"page","link":"https:\/\/arbianahotel.com\/hr\/restoran-agatini-vrtovi\/","title":{"rendered":"Restoran Agatini vrtovi"},"content":{"rendered":"\t\t<div data-elementor-type=\"wp-page\" data-elementor-id=\"2819\" class=\"elementor elementor-2819 elementor-18\" data-elementor-post-type=\"page\">\n\t\t\t\t<div class=\"elementor-element elementor-element-f5d0e70 e-con-full e-flex e-con e-parent\" data-id=\"f5d0e70\" data-element_type=\"container\" data-e-type=\"container\" data-settings=\"{&quot;background_background&quot;:&quot;classic&quot;,&quot;background_motion_fx_motion_fx_scrolling&quot;:&quot;yes&quot;,&quot;background_motion_fx_scale_effect&quot;:&quot;yes&quot;,&quot;background_motion_fx_scale_speed&quot;:{&quot;unit&quot;:&quot;px&quot;,&quot;size&quot;:2,&quot;sizes&quot;:[]},&quot;background_motion_fx_scale_direction&quot;:&quot;out-in&quot;,&quot;background_motion_fx_scale_range&quot;:{&quot;unit&quot;:&quot;%&quot;,&quot;size&quot;:&quot;&quot;,&quot;sizes&quot;:{&quot;start&quot;:20,&quot;end&quot;:80}},&quot;background_motion_fx_devices&quot;:[&quot;desktop&quot;,&quot;tablet&quot;,&quot;mobile&quot;]}\">\n\t\t\t\t<div class=\"elementor-element elementor-element-a4c1600 elementor-widget elementor-widget-heading\" data-id=\"a4c1600\" data-element_type=\"widget\" data-e-type=\"widget\" data-widget_type=\"heading.default\">\n\t\t\t\t<div class=\"elementor-widget-container\">\n\t\t\t\t\t<h1 class=\"elementor-heading-title elementor-size-default\">Restoran Agatini vrtovi<\/h1>\t\t\t\t<\/div>\n\t\t\t\t<\/div>\n\t\t\t\t<div class=\"elementor-element elementor-element-42ec902 elementor-widget elementor-widget-heading\" data-id=\"42ec902\" data-element_type=\"widget\" data-e-type=\"widget\" data-widget_type=\"heading.default\">\n\t\t\t\t<div class=\"elementor-widget-container\">\n\t\t\t\t\t<h2 class=\"elementor-heading-title elementor-size-default\">Gastronomski raj u hotelu Arbiana<\/h2>\t\t\t\t<\/div>\n\t\t\t\t<\/div>\n\t\t\t\t<\/div>\n\t\t<div class=\"elementor-element elementor-element-1e876b9 e-flex e-con-boxed e-con e-parent\" data-id=\"1e876b9\" data-element_type=\"container\" data-e-type=\"container\">\n\t\t\t\t\t<div class=\"e-con-inner\">\n\t\t\t\t<div class=\"elementor-element elementor-element-68f4e99 elementor-widget elementor-widget-heading\" data-id=\"68f4e99\" data-element_type=\"widget\" data-e-type=\"widget\" data-widget_type=\"heading.default\">\n\t\t\t\t<div class=\"elementor-widget-container\">\n\t\t\t\t\t<h2 class=\"elementor-heading-title elementor-size-default\">Ovaj skriveni dragulj mjesto je gdje se tradicija susre\u0107e s modernim kulinarskim trendovima i gdje se lokalni sastojci pripremaju na razne egzoti\u010dne na\u010dine.<\/h2>\t\t\t\t<\/div>\n\t\t\t\t<\/div>\n\t\t\t\t\t<\/div>\n\t\t\t\t<\/div>\n\t\t<div class=\"elementor-element elementor-element-2570fb6 e-con-full e-flex e-con e-parent\" data-id=\"2570fb6\" data-element_type=\"container\" data-e-type=\"container\" data-settings=\"{&quot;background_background&quot;:&quot;classic&quot;}\">\n\t\t<div class=\"elementor-element elementor-element-8400f41 e-con-full e-flex e-con e-child\" data-id=\"8400f41\" data-element_type=\"container\" data-e-type=\"container\" data-settings=\"{&quot;background_background&quot;:&quot;classic&quot;}\">\n\t\t\t\t<div class=\"elementor-element elementor-element-ce5a34d elementor-hidden-desktop elementor-hidden-tablet elementor-widget elementor-widget-image\" data-id=\"ce5a34d\" data-element_type=\"widget\" data-e-type=\"widget\" data-widget_type=\"image.default\">\n\t\t\t\t<div class=\"elementor-widget-container\">\n\t\t\t\t\t\t\t\t\t\t\t\t\t\t\t<img fetchpriority=\"high\" decoding=\"async\" width=\"800\" height=\"534\" src=\"https:\/\/arbianahotel.com\/2025\/wp-content\/uploads\/2025\/04\/Mediterranean-dishes-Boutique-Hotel-Arbiana-Rab-Croatia-2-1024x683.webp\" class=\"attachment-large size-large wp-image-1669\" alt=\"\" srcset=\"https:\/\/arbianahotel.com\/2025\/wp-content\/uploads\/2025\/04\/Mediterranean-dishes-Boutique-Hotel-Arbiana-Rab-Croatia-2-1024x683.webp 1024w, https:\/\/arbianahotel.com\/2025\/wp-content\/uploads\/2025\/04\/Mediterranean-dishes-Boutique-Hotel-Arbiana-Rab-Croatia-2-300x200.webp 300w, https:\/\/arbianahotel.com\/2025\/wp-content\/uploads\/2025\/04\/Mediterranean-dishes-Boutique-Hotel-Arbiana-Rab-Croatia-2-768x512.webp 768w, https:\/\/arbianahotel.com\/2025\/wp-content\/uploads\/2025\/04\/Mediterranean-dishes-Boutique-Hotel-Arbiana-Rab-Croatia-2-1536x1024.webp 1536w, https:\/\/arbianahotel.com\/2025\/wp-content\/uploads\/2025\/04\/Mediterranean-dishes-Boutique-Hotel-Arbiana-Rab-Croatia-2.webp 1920w\" sizes=\"(max-width: 800px) 100vw, 800px\">\t\t\t\t\t\t\t\t\t\t\t\t\t\t\t<\/div>\n\t\t\t\t<\/div>\n\t\t\t\t<div class=\"elementor-element elementor-element-93c835b elementor-widget elementor-widget-text-editor\" data-id=\"93c835b\" data-element_type=\"widget\" data-e-type=\"widget\" data-widget_type=\"text-editor.default\">\n\t\t\t\t<div class=\"elementor-widget-container\">\n\t\t\t\t\t\t\t\t\t<p>Mediteranska riblja i mesna jela koja se nalaze na na\u0161em jelovniku pa\u017eljivo su odabrana u suradnji s poznatim kulinarskim savjetnicima. Predjela kao \u0161to je riblji carpaccio s emulzijom lokalnog vo\u0107a, doma\u0107a tjestenina ili ravioli punjeni svje\u017eim sirom u kombinaciji s lokalnim plodovima mora zasigurno \u0107e odu\u0161eviti va\u0161e nepce. <\/p>\t\t\t\t\t\t\t\t<\/div>\n\t\t\t\t<\/div>\n\t\t\t\t<\/div>\n\t\t\t\t<\/div>\n\t\t<div class=\"elementor-element elementor-element-b694e50 e-flex e-con-boxed e-con e-parent\" data-id=\"b694e50\" data-element_type=\"container\" data-e-type=\"container\">\n\t\t\t\t\t<div class=\"e-con-inner\">\n\t\t<div class=\"elementor-element elementor-element-d900709 e-con-full e-flex e-con e-child\" data-id=\"d900709\" data-element_type=\"container\" data-e-type=\"container\">\n\t\t\t\t<div class=\"elementor-element elementor-element-7b37a4a elementor-widget elementor-widget-image\" data-id=\"7b37a4a\" data-element_type=\"widget\" data-e-type=\"widget\" data-widget_type=\"image.default\">\n\t\t\t\t<div class=\"elementor-widget-container\">\n\t\t\t\t\t\t\t\t\t\t\t\t\t\t\t<img decoding=\"async\" width=\"683\" height=\"1024\" src=\"https:\/\/arbianahotel.com\/2025\/wp-content\/uploads\/2025\/04\/Agatas-Garden-Restaurant-fish-Boutique-Hotel-Arbiana-Rab-Croatia-2-683x1024.webp\" class=\"attachment-large size-large wp-image-1683\" alt=\"\" srcset=\"https:\/\/arbianahotel.com\/2025\/wp-content\/uploads\/2025\/04\/Agatas-Garden-Restaurant-fish-Boutique-Hotel-Arbiana-Rab-Croatia-2-683x1024.webp 683w, https:\/\/arbianahotel.com\/2025\/wp-content\/uploads\/2025\/04\/Agatas-Garden-Restaurant-fish-Boutique-Hotel-Arbiana-Rab-Croatia-2-200x300.webp 200w, https:\/\/arbianahotel.com\/2025\/wp-content\/uploads\/2025\/04\/Agatas-Garden-Restaurant-fish-Boutique-Hotel-Arbiana-Rab-Croatia-2-768x1152.webp 768w, https:\/\/arbianahotel.com\/2025\/wp-content\/uploads\/2025\/04\/Agatas-Garden-Restaurant-fish-Boutique-Hotel-Arbiana-Rab-Croatia-2.webp 800w\" sizes=\"(max-width: 683px) 100vw, 683px\">\t\t\t\t\t\t\t\t\t\t\t\t\t\t\t<\/div>\n\t\t\t\t<\/div>\n\t\t\t\t<\/div>\n\t\t<div class=\"elementor-element elementor-element-dd55c86 e-con-full e-flex e-con e-child\" data-id=\"dd55c86\" data-element_type=\"container\" data-e-type=\"container\" data-settings=\"{&quot;background_background&quot;:&quot;classic&quot;}\">\n\t\t\t\t<div class=\"elementor-element elementor-element-5d0f4d5 elementor-widget elementor-widget-text-editor\" data-id=\"5d0f4d5\" data-element_type=\"widget\" data-e-type=\"widget\" data-widget_type=\"text-editor.default\">\n\t\t\t\t<div class=\"elementor-widget-container\">\n\t\t\t\t\t\t\t\t\t<p>Na\u0161a riba dolazi izravno od ribara s otoka Raba kako bismo vam omogu\u0107ili u\u017eivanje u lokalnim i svje\u017eim okusima.<\/p><p>Svaki je prilog pa\u017eljivo odabran kako bi savr\u0161eno zaokru\u017eio spoj okusa na va\u0161em tanjuru. Svakako okusite na\u0161e kreativne deserte koji su poznati po svojoj laganoj teksturi i kombiniraju se sa svje\u017eim lokalnim sastojcima.  <\/p>\t\t\t\t\t\t\t\t<\/div>\n\t\t\t\t<\/div>\n\t\t\t\t<\/div>\n\t\t<div class=\"elementor-element elementor-element-21c4030 e-con-full e-flex e-con e-child\" data-id=\"21c4030\" data-element_type=\"container\" data-e-type=\"container\" data-settings=\"{&quot;background_background&quot;:&quot;classic&quot;}\">\n\t\t\t\t<div class=\"elementor-element elementor-element-5d6520d elementor-invisible elementor-widget elementor-widget-text-editor\" data-id=\"5d6520d\" data-element_type=\"widget\" data-e-type=\"widget\" data-settings=\"{&quot;_animation&quot;:&quot;fadeInDown&quot;}\" data-widget_type=\"text-editor.default\">\n\t\t\t\t<div class=\"elementor-widget-container\">\n\t\t\t\t\t\t\t\t\t<p>Svakako okusite na\u0161e kreativne deserte. <\/p>\t\t\t\t\t\t\t\t<\/div>\n\t\t\t\t<\/div>\n\t\t\t\t<\/div>\n\t\t\t\t\t<\/div>\n\t\t\t\t<\/div>\n\t\t<div class=\"elementor-element elementor-element-ac4d0f9 e-flex e-con-boxed e-con e-parent\" data-id=\"ac4d0f9\" data-element_type=\"container\" data-e-type=\"container\" data-settings=\"{&quot;background_background&quot;:&quot;classic&quot;}\">\n\t\t\t\t\t<div class=\"e-con-inner\">\n\t\t<div class=\"elementor-element elementor-element-adc55ae e-flex e-con-boxed e-con e-child\" data-id=\"adc55ae\" data-element_type=\"container\" data-e-type=\"container\" data-settings=\"{&quot;background_background&quot;:&quot;classic&quot;}\">\n\t\t\t\t\t<div class=\"e-con-inner\">\n\t\t\t\t<div class=\"elementor-element elementor-element-b5ddb5e elementor-widget elementor-widget-text-editor\" data-id=\"b5ddb5e\" data-element_type=\"widget\" data-e-type=\"widget\" data-widget_type=\"text-editor.default\">\n\t\t\t\t<div class=\"elementor-widget-container\">\n\t\t\t\t\t\t\t\t\t<p>Restoran je tako\u0111er idealno mjesto za vjen\u010danja.<\/p>\t\t\t\t\t\t\t\t<\/div>\n\t\t\t\t<\/div>\n\t\t\t\t\t<\/div>\n\t\t\t\t<\/div>\n\t\t\t\t\t<\/div>\n\t\t\t\t<\/div>\n\t\t<div class=\"elementor-element elementor-element-96d874f e-flex e-con-boxed e-con e-parent\" data-id=\"96d874f\" data-element_type=\"container\" data-e-type=\"container\">\n\t\t\t\t\t<div class=\"e-con-inner\">\n\t\t<div class=\"elementor-element elementor-element-ada4c24 e-con-full e-flex e-con e-child\" data-id=\"ada4c24\" data-element_type=\"container\" data-e-type=\"container\" data-settings=\"{&quot;background_background&quot;:&quot;classic&quot;}\">\n\t\t\t\t<div class=\"elementor-element elementor-element-7579b9e elementor-invisible elementor-widget elementor-widget-text-editor\" data-id=\"7579b9e\" data-element_type=\"widget\" data-e-type=\"widget\" data-settings=\"{&quot;_animation&quot;:&quot;fadeInDown&quot;}\" data-widget_type=\"text-editor.default\">\n\t\t\t\t<div class=\"elementor-widget-container\">\n\t\t\t\t\t\t\t\t\t<p>Nagrada Turisti\u010dke zajednice za najbolji restoran na Rabu 2018. godine<\/p>\t\t\t\t\t\t\t\t<\/div>\n\t\t\t\t<\/div>\n\t\t\t\t<\/div>\n\t\t<div class=\"elementor-element elementor-element-85a1930 e-con-full e-flex e-con e-child\" data-id=\"85a1930\" data-element_type=\"container\" data-e-type=\"container\">\n\t\t\t\t<div class=\"elementor-element elementor-element-bde3095 elementor-widget elementor-widget-image\" data-id=\"bde3095\" data-element_type=\"widget\" data-e-type=\"widget\" data-widget_type=\"image.default\">\n\t\t\t\t<div class=\"elementor-widget-container\">\n\t\t\t\t\t\t\t\t\t\t\t\t\t\t\t<img decoding=\"async\" width=\"683\" height=\"1024\" src=\"https:\/\/arbianahotel.com\/2025\/wp-content\/uploads\/2025\/04\/Agatas-Garden-Restaurant-Croatian-Galic-Winery-Boutique-Hotel-Arbiana-Rab-Croatia-2-683x1024.webp\" class=\"attachment-large size-large wp-image-1692\" alt=\"\" srcset=\"https:\/\/arbianahotel.com\/2025\/wp-content\/uploads\/2025\/04\/Agatas-Garden-Restaurant-Croatian-Galic-Winery-Boutique-Hotel-Arbiana-Rab-Croatia-2-683x1024.webp 683w, https:\/\/arbianahotel.com\/2025\/wp-content\/uploads\/2025\/04\/Agatas-Garden-Restaurant-Croatian-Galic-Winery-Boutique-Hotel-Arbiana-Rab-Croatia-2-200x300.webp 200w, https:\/\/arbianahotel.com\/2025\/wp-content\/uploads\/2025\/04\/Agatas-Garden-Restaurant-Croatian-Galic-Winery-Boutique-Hotel-Arbiana-Rab-Croatia-2-768x1152.webp 768w, https:\/\/arbianahotel.com\/2025\/wp-content\/uploads\/2025\/04\/Agatas-Garden-Restaurant-Croatian-Galic-Winery-Boutique-Hotel-Arbiana-Rab-Croatia-2.webp 800w\" sizes=\"(max-width: 683px) 100vw, 683px\">\t\t\t\t\t\t\t\t\t\t\t\t\t\t\t<\/div>\n\t\t\t\t<\/div>\n\t\t\t\t<\/div>\n\t\t<div class=\"elementor-element elementor-element-a208153 e-con-full e-flex e-con e-child\" data-id=\"a208153\" data-element_type=\"container\" data-e-type=\"container\" data-settings=\"{&quot;background_background&quot;:&quot;classic&quot;}\">\n\t\t\t\t<div class=\"elementor-element elementor-element-2af6c86 elementor-widget elementor-widget-text-editor\" data-id=\"2af6c86\" data-element_type=\"widget\" data-e-type=\"widget\" data-widget_type=\"text-editor.default\">\n\t\t\t\t<div class=\"elementor-widget-container\">\n\t\t\t\t\t\t\t\t\t<p>Iskusni gurmani \u0107e u\u017eivati u na\u0161em degustacijskom meniju od tri slijeda, pri \u010demu je svaki slijed uparen s jednim od vrhunskih vina iz na\u0161e ponude.<\/p><p>Osim \u0161to nudi izvrsnu vinsku kartu, restoran Agatini vrtovi dobitnik je nagrade Turisti\u010dke zajednice za najbolji restoran na Rabu 2018. godine.<\/p>\t\t\t\t\t\t\t\t<\/div>\n\t\t\t\t<\/div>\n\t\t\t\t<\/div>\n\t\t\t\t\t<\/div>\n\t\t\t\t<\/div>\n\t\t<div class=\"elementor-element elementor-element-79eac51 e-flex e-con-boxed e-con e-parent\" data-id=\"79eac51\" data-element_type=\"container\" data-e-type=\"container\">\n\t\t\t\t\t<div class=\"e-con-inner\">\n\t\t<div class=\"elementor-element elementor-element-ab7f160 e-con-full e-flex e-con e-child\" data-id=\"ab7f160\" data-element_type=\"container\" data-e-type=\"container\">\n\t\t<div class=\"elementor-element elementor-element-206582b e-con-full e-flex e-con e-child\" data-id=\"206582b\" data-element_type=\"container\" data-e-type=\"container\" data-settings=\"{&quot;background_background&quot;:&quot;classic&quot;}\">\n\t\t\t\t<div class=\"elementor-element elementor-element-af3c447 elementor-widget elementor-widget-image\" data-id=\"af3c447\" data-element_type=\"widget\" data-e-type=\"widget\" data-widget_type=\"image.default\">\n\t\t\t\t<div class=\"elementor-widget-container\">\n\t\t\t\t\t\t\t\t\t\t\t\t\t\t\t<img loading=\"lazy\" decoding=\"async\" width=\"800\" height=\"534\" src=\"https:\/\/arbianahotel.com\/2025\/wp-content\/uploads\/2025\/04\/Agatas-Garden-Restaurant-reserve-Boutique-Hotel-Arbiana-Rab-Croatia-1-1024x683.webp\" class=\"attachment-large size-large wp-image-1775\" alt=\"\" srcset=\"https:\/\/arbianahotel.com\/2025\/wp-content\/uploads\/2025\/04\/Agatas-Garden-Restaurant-reserve-Boutique-Hotel-Arbiana-Rab-Croatia-1-1024x683.webp 1024w, https:\/\/arbianahotel.com\/2025\/wp-content\/uploads\/2025\/04\/Agatas-Garden-Restaurant-reserve-Boutique-Hotel-Arbiana-Rab-Croatia-1-300x200.webp 300w, https:\/\/arbianahotel.com\/2025\/wp-content\/uploads\/2025\/04\/Agatas-Garden-Restaurant-reserve-Boutique-Hotel-Arbiana-Rab-Croatia-1-768x512.webp 768w, https:\/\/arbianahotel.com\/2025\/wp-content\/uploads\/2025\/04\/Agatas-Garden-Restaurant-reserve-Boutique-Hotel-Arbiana-Rab-Croatia-1.webp 1200w\" sizes=\"(max-width: 800px) 100vw, 800px\">\t\t\t\t\t\t\t\t\t\t\t\t\t\t\t<\/div>\n\t\t\t\t<\/div>\n\t\t\t\t<\/div>\n\t\t<div class=\"elementor-element elementor-element-78533d7 e-con-full e-flex e-con e-child\" data-id=\"78533d7\" data-element_type=\"container\" data-e-type=\"container\" data-settings=\"{&quot;background_background&quot;:&quot;classic&quot;}\">\n\t\t\t\t<div class=\"elementor-element elementor-element-911c6bd elementor-widget elementor-widget-text-editor\" data-id=\"911c6bd\" data-element_type=\"widget\" data-e-type=\"widget\" data-widget_type=\"text-editor.default\">\n\t\t\t\t<div class=\"elementor-widget-container\">\n\t\t\t\t\t\t\t\t\t<p>Za nezaboravno gastronomsko iskustvo u Agatinim vrtovima, preporu\u010dujemo vam da svoja mjesta rezervirate unaprijed kako biste bili sigurni da vas va\u0161 stol o\u010dekuje u ljepoti vrtova hotela Arbiana.<\/p>\t\t\t\t\t\t\t\t<\/div>\n\t\t\t\t<\/div>\n\t\t<div class=\"elementor-element elementor-element-380f290 e-con-full e-flex e-con e-child\" data-id=\"380f290\" data-element_type=\"container\" data-e-type=\"container\">\n\t\t\t\t<div class=\"elementor-element elementor-element-a7d2c72 elementor-widget elementor-widget-button\" data-id=\"a7d2c72\" data-element_type=\"widget\" data-e-type=\"widget\" data-widget_type=\"button.default\">\n\t\t\t\t<div class=\"elementor-widget-container\">\n\t\t\t\t\t\t\t\t\t<div class=\"elementor-button-wrapper\">\n\t\t\t\t\t<a class=\"elementor-button elementor-button-link elementor-size-sm\" href=\"https:\/\/arbianahotel.qupola.net\/menu\/\" target=\"_blank\" rel=\"noopener\">\n\t\t\t\t\t\t<span class=\"elementor-button-content-wrapper\">\n\t\t\t\t\t\t<span class=\"elementor-button-icon\">\n\t\t\t\t<svg aria-hidden=\"true\" class=\"e-font-icon-svg e-fas-arrow-right\" viewBox=\"0 0 448 512\" xmlns=\"http:\/\/www.w3.org\/2000\/svg\"><path d=\"M190.5 66.9l22.2-22.2c9.4-9.4 24.6-9.4 33.9 0L441 239c9.4 9.4 9.4 24.6 0 33.9L246.6 467.3c-9.4 9.4-24.6 9.4-33.9 0l-22.2-22.2c-9.5-9.5-9.3-25 .4-34.3L311.4 296H24c-13.3 0-24-10.7-24-24v-32c0-13.3 10.7-24 24-24h287.4L190.9 101.2c-9.8-9.3-10-24.8-.4-34.3z\"><\/path><\/svg>\t\t\t<\/span>\n\t\t\t\t\t\t\t\t\t<span class=\"elementor-button-text\">Pogledajte jelovnik<\/span>\n\t\t\t\t\t<\/span>\n\t\t\t\t\t<\/a>\n\t\t\t\t<\/div>\n\t\t\t\t\t\t\t\t<\/div>\n\t\t\t\t<\/div>\n\t\t\t\t<div class=\"elementor-element elementor-element-97dcd9e elementor-widget elementor-widget-button\" data-id=\"97dcd9e\" data-element_type=\"widget\" data-e-type=\"widget\" data-widget_type=\"button.default\">\n\t\t\t\t<div class=\"elementor-widget-container\">\n\t\t\t\t\t\t\t\t\t<div class=\"elementor-button-wrapper\">\n\t\t\t\t\t<a class=\"elementor-button elementor-button-link elementor-size-sm\" href=\"mailto:info@arbianahotel.com\">\n\t\t\t\t\t\t<span class=\"elementor-button-content-wrapper\">\n\t\t\t\t\t\t<span class=\"elementor-button-icon\">\n\t\t\t\t<svg aria-hidden=\"true\" class=\"e-font-icon-svg e-fas-arrow-right\" viewBox=\"0 0 448 512\" xmlns=\"http:\/\/www.w3.org\/2000\/svg\"><path d=\"M190.5 66.9l22.2-22.2c9.4-9.4 24.6-9.4 33.9 0L441 239c9.4 9.4 9.4 24.6 0 33.9L246.6 467.3c-9.4 9.4-24.6 9.4-33.9 0l-22.2-22.2c-9.5-9.5-9.3-25 .4-34.3L311.4 296H24c-13.3 0-24-10.7-24-24v-32c0-13.3 10.7-24 24-24h287.4L190.9 101.2c-9.8-9.3-10-24.8-.4-34.3z\"><\/path><\/svg>\t\t\t<\/span>\n\t\t\t\t\t\t\t\t\t<span class=\"elementor-button-text\">Rezervirajte stol <\/span>\n\t\t\t\t\t<\/span>\n\t\t\t\t\t<\/a>\n\t\t\t\t<\/div>\n\t\t\t\t\t\t\t\t<\/div>\n\t\t\t\t<\/div>\n\t\t\t\t<div class=\"elementor-element elementor-element-adc0b67 elementor-widget elementor-widget-button\" data-id=\"adc0b67\" data-element_type=\"widget\" data-e-type=\"widget\" data-widget_type=\"button.default\">\n\t\t\t\t<div class=\"elementor-widget-container\">\n\t\t\t\t\t\t\t\t\t<div class=\"elementor-button-wrapper\">\n\t\t\t\t\t<a class=\"elementor-button elementor-button-link elementor-size-sm\" href=\"tel:+38551775900\">\n\t\t\t\t\t\t<span class=\"elementor-button-content-wrapper\">\n\t\t\t\t\t\t<span class=\"elementor-button-icon\">\n\t\t\t\t<svg aria-hidden=\"true\" class=\"e-font-icon-svg e-fas-arrow-right\" viewBox=\"0 0 448 512\" xmlns=\"http:\/\/www.w3.org\/2000\/svg\"><path d=\"M190.5 66.9l22.2-22.2c9.4-9.4 24.6-9.4 33.9 0L441 239c9.4 9.4 9.4 24.6 0 33.9L246.6 467.3c-9.4 9.4-24.6 9.4-33.9 0l-22.2-22.2c-9.5-9.5-9.3-25 .4-34.3L311.4 296H24c-13.3 0-24-10.7-24-24v-32c0-13.3 10.7-24 24-24h287.4L190.9 101.2c-9.8-9.3-10-24.8-.4-34.3z\"><\/path><\/svg>\t\t\t<\/span>\n\t\t\t\t\t\t\t\t\t<span class=\"elementor-button-text\">Nazovite +385 51 775 900<\/span>\n\t\t\t\t\t<\/span>\n\t\t\t\t\t<\/a>\n\t\t\t\t<\/div>\n\t\t\t\t\t\t\t\t<\/div>\n\t\t\t\t<\/div>\n\t\t\t\t<\/div>\n\t\t\t\t<\/div>\n\t\t\t\t<\/div>\n\t\t\t\t\t<\/div>\n\t\t\t\t<\/div>\n\t\t\t\t<\/div>\n\t\t","protected":false},"excerpt":{"rendered":"<p>Restoran Agatini vrtovi Gastronomski raj u hotelu Arbiana Ovaj skriveni dragulj mjesto je gdje se tradicija susre\u0107e s modernim kulinarskim trendovima i gdje se lokalni sastojci pripremaju na razne egzoti\u010dne na\u010dine. Mediteranska riblja i mesna jela koja se nalaze na na\u0161em jelovniku pa\u017eljivo su odabrana u suradnji s poznatim kulinarskim savjetnicima. Predjela kao \u0161to je [&hellip;]<\/p>\n","protected":false},"author":1,"featured_media":0,"parent":0,"menu_order":0,"comment_status":"closed","ping_status":"closed","template":"","meta":{"_acf_changed":false,"footnotes":""},"class_list":["post-2819","page","type-page","status-publish","hentry"],"acf":[],"_links":{"self":[{"href":"https:\/\/arbianahotel.com\/hr\/wp-json\/wp\/v2\/pages\/2819","targetHints":{"allow":["GET"]}}],"collection":[{"href":"https:\/\/arbianahotel.com\/hr\/wp-json\/wp\/v2\/pages"}],"about":[{"href":"https:\/\/arbianahotel.com\/hr\/wp-json\/wp\/v2\/types\/page"}],"author":[{"embeddable":true,"href":"https:\/\/arbianahotel.com\/hr\/wp-json\/wp\/v2\/users\/1"}],"replies":[{"embeddable":true,"href":"https:\/\/arbianahotel.com\/hr\/wp-json\/wp\/v2\/comments?post=2819"}],"version-history":[{"count":7,"href":"https:\/\/arbianahotel.com\/hr\/wp-json\/wp\/v2\/pages\/2819\/revisions"}],"predecessor-version":[{"id":3018,"href":"https:\/\/arbianahotel.com\/hr\/wp-json\/wp\/v2\/pages\/2819\/revisions\/3018"}],"wp:attachment":[{"href":"https:\/\/arbianahotel.com\/hr\/wp-json\/wp\/v2\/media?parent=2819"}],"curies":[{"name":"wp","href":"https:\/\/api.w.org\/{rel}","templated":true}]}}