{"id":2834,"date":"2025-04-02T13:40:21","date_gmt":"2025-04-02T11:40:21","guid":{"rendered":"https:\/\/arbianahotel.com\/pravne-informacije\/"},"modified":"2025-07-08T23:44:37","modified_gmt":"2025-07-08T21:44:37","slug":"pravne-informacije","status":"publish","type":"page","link":"https:\/\/arbianahotel.com\/hr\/pravne-informacije\/","title":{"rendered":"Pravne informacije"},"content":{"rendered":"\n<p><strong><strong>ARBIANA d.o.o.<\/strong><\/strong><\/p>\n\n<p>OIB: 82133511863<br\/>MBS: 030125477<\/p>\n\n<p><strong>Poslovni ra\u010dun:<\/strong><br\/>Erste&amp;Steiermarkische Bank d.d.<br\/>IBAN: HR90 2402 0061 1008 2686 7<\/p>\n\n<p><strong>Sjedi\u0161te:<\/strong><br\/>Ulica Vjekoslava Spin\u010di\u0107a 23, 51410 Opatija, Croatia<\/p>\n\n<p><strong>Direktor:<\/strong> Nikola Ra\u010deta<\/p>\n\n<p>Temeljni kapital: 6.636,14 \u20ac (50.000 kuna) upla\u0107en u cijelosti.<\/p>\n\n<p>ARBIANA dru\u0161tvo s ograni\u010denom odgovorno\u0161\u0107u upisano je pri Trgova\u010dkom sudu u Rijeci.<\/p>\n\n<div style=\"height:35px\" aria-hidden=\"true\" class=\"wp-block-spacer\"><\/div>\n\n<p><strong><strong>Nositelji autorskih prava za fotografije kori\u0161tene na web stranici<\/strong>:<\/strong> TZG Rab, Eros Grubi\u0161i\u0107, Petar Lupi\u0107, Harry Voglhuber<\/p>\n","protected":false},"excerpt":{"rendered":"<p>ARBIANA d.o.o. OIB: 82133511863MBS: 030125477 Poslovni ra\u010dun:Erste&amp;Steiermarkische Bank d.d.IBAN: HR90 2402 0061 1008 2686 7 Sjedi\u0161te:Ulica Vjekoslava Spin\u010di\u0107a 23, 51410 Opatija, Croatia Direktor: Nikola Ra\u010deta Temeljni kapital: 6.636,14 \u20ac (50.000 kuna) upla\u0107en u cijelosti. ARBIANA dru\u0161tvo s ograni\u010denom odgovorno\u0161\u0107u upisano je pri Trgova\u010dkom sudu u Rijeci. Nositelji autorskih prava za fotografije kori\u0161tene na web stranici: [&hellip;]<\/p>\n","protected":false},"author":1,"featured_media":0,"parent":0,"menu_order":0,"comment_status":"closed","ping_status":"closed","template":"","meta":{"_acf_changed":false,"footnotes":""},"class_list":["post-2834","page","type-page","status-publish","hentry"],"acf":[],"_links":{"self":[{"href":"https:\/\/arbianahotel.com\/hr\/wp-json\/wp\/v2\/pages\/2834","targetHints":{"allow":["GET"]}}],"collection":[{"href":"https:\/\/arbianahotel.com\/hr\/wp-json\/wp\/v2\/pages"}],"about":[{"href":"https:\/\/arbianahotel.com\/hr\/wp-json\/wp\/v2\/types\/page"}],"author":[{"embeddable":true,"href":"https:\/\/arbianahotel.com\/hr\/wp-json\/wp\/v2\/users\/1"}],"replies":[{"embeddable":true,"href":"https:\/\/arbianahotel.com\/hr\/wp-json\/wp\/v2\/comments?post=2834"}],"version-history":[{"count":1,"href":"https:\/\/arbianahotel.com\/hr\/wp-json\/wp\/v2\/pages\/2834\/revisions"}],"predecessor-version":[{"id":2835,"href":"https:\/\/arbianahotel.com\/hr\/wp-json\/wp\/v2\/pages\/2834\/revisions\/2835"}],"wp:attachment":[{"href":"https:\/\/arbianahotel.com\/hr\/wp-json\/wp\/v2\/media?parent=2834"}],"curies":[{"name":"wp","href":"https:\/\/api.w.org\/{rel}","templated":true}]}}