{"id":2883,"date":"2025-04-02T13:40:21","date_gmt":"2025-04-02T11:40:21","guid":{"rendered":"https:\/\/arbianahotel.com\/informazioni-legali\/"},"modified":"2025-07-09T16:56:50","modified_gmt":"2025-07-09T14:56:50","slug":"informazioni-legali","status":"publish","type":"page","link":"https:\/\/arbianahotel.com\/it\/informazioni-legali\/","title":{"rendered":"Informazioni legali"},"content":{"rendered":"\n<p><strong><strong>ARBIANA d.o.o.<\/strong><\/strong><\/p>\n\n<p>OIB: 82133511863<br\/>MBS: 030125477<\/p>\n\n<p><strong>Conto bancario:<\/strong><br\/>Erste&amp;Steiermarkische Bank d.d.<br\/>IBAN: HR90 2402 0061 1008 2686 7<\/p>\n\n<p><strong>Sede centrale:<\/strong><br\/>Ulica Vjekoslava Spin\u010di\u0107a 23, 51410 Opatija, Croazia<\/p>\n\n<p><strong>Direttore:<\/strong> Nikola Ra\u010deta<\/p>\n\n<p>L\u2019importo del capitale azionario della societ\u00e0, e se il capitale \u00e8 stato interamente versato: 6.636,14 \u20ac (50.000 kuna), tasso di conversione fisso 7.53450.<\/p>\n\n<p>ARBIANA d.o.o. (societ\u00e0 a responsabilit\u00e0 limitata) elencato nel registro del Tribunale commerciale di Rijeka.<\/p>\n\n<div style=\"height:35px\" aria-hidden=\"true\" class=\"wp-block-spacer\"><\/div>\n\n<p><strong><strong>Titolari del copyright per le fotografie utilizzate sul sito web<\/strong>:<\/strong> TZG Rab, Eros Grubi\u0161i\u0107, Petar Lupi\u0107, Harry Voglhuber<\/p>\n","protected":false},"excerpt":{"rendered":"<p>ARBIANA d.o.o. OIB: 82133511863MBS: 030125477 Conto bancario:Erste&amp;Steiermarkische Bank d.d.IBAN: HR90 2402 0061 1008 2686 7 Sede centrale:Ulica Vjekoslava Spin\u010di\u0107a 23, 51410 Opatija, Croazia Direttore: Nikola Ra\u010deta L\u2019importo del capitale azionario della societ\u00e0, e se il capitale \u00e8 stato interamente versato: 6.636,14 \u20ac (50.000 kuna), tasso di conversione fisso 7.53450. ARBIANA d.o.o. (societ\u00e0 a responsabilit\u00e0 limitata) [&hellip;]<\/p>\n","protected":false},"author":1,"featured_media":0,"parent":0,"menu_order":0,"comment_status":"closed","ping_status":"closed","template":"","meta":{"_acf_changed":false,"footnotes":""},"class_list":["post-2883","page","type-page","status-publish","hentry"],"acf":[],"_links":{"self":[{"href":"https:\/\/arbianahotel.com\/it\/wp-json\/wp\/v2\/pages\/2883","targetHints":{"allow":["GET"]}}],"collection":[{"href":"https:\/\/arbianahotel.com\/it\/wp-json\/wp\/v2\/pages"}],"about":[{"href":"https:\/\/arbianahotel.com\/it\/wp-json\/wp\/v2\/types\/page"}],"author":[{"embeddable":true,"href":"https:\/\/arbianahotel.com\/it\/wp-json\/wp\/v2\/users\/1"}],"replies":[{"embeddable":true,"href":"https:\/\/arbianahotel.com\/it\/wp-json\/wp\/v2\/comments?post=2883"}],"version-history":[{"count":1,"href":"https:\/\/arbianahotel.com\/it\/wp-json\/wp\/v2\/pages\/2883\/revisions"}],"predecessor-version":[{"id":2884,"href":"https:\/\/arbianahotel.com\/it\/wp-json\/wp\/v2\/pages\/2883\/revisions\/2884"}],"wp:attachment":[{"href":"https:\/\/arbianahotel.com\/it\/wp-json\/wp\/v2\/media?parent=2883"}],"curies":[{"name":"wp","href":"https:\/\/api.w.org\/{rel}","templated":true}]}}